{"id":104,"date":"2021-02-19T09:21:49","date_gmt":"2021-02-19T09:21:49","guid":{"rendered":"https:\/\/raadius.ee\/?page_id=104"},"modified":"2026-04-15T09:56:50","modified_gmt":"2026-04-15T06:56:50","slug":"other-services","status":"publish","type":"page","link":"https:\/\/www.raadius.ee\/et\/other-services\/","title":{"rendered":"MUUD TEENUSED"},"content":{"rendered":"<div data-elementor-type=\"wp-page\" data-elementor-id=\"104\" class=\"elementor elementor-104\" data-elementor-post-type=\"page\">\n\t\t\t\t\t\t<section class=\"elementor-section elementor-top-section elementor-element elementor-element-4066ff8 elementor-section-height-min-height elementor-section-boxed elementor-section-height-default elementor-section-items-middle\" data-id=\"4066ff8\" data-element_type=\"section\" data-settings=\"{&quot;background_background&quot;:&quot;classic&quot;}\">\n\t\t\t\t\t\t\t<div class=\"elementor-background-overlay\"><\/div>\n\t\t\t\t\t\t\t<div class=\"elementor-container elementor-column-gap-default\">\n\t\t\t\t\t<div class=\"elementor-column elementor-col-100 elementor-top-column elementor-element elementor-element-e180036\" data-id=\"e180036\" data-element_type=\"column\">\n\t\t\t<div class=\"elementor-widget-wrap elementor-element-populated\">\n\t\t\t\t\t\t<div class=\"elementor-element elementor-element-855bea4 elementor-invisible elementor-widget elementor-widget-heading\" data-id=\"855bea4\" data-element_type=\"widget\" data-settings=\"{&quot;_animation&quot;:&quot;fadeIn&quot;}\" data-widget_type=\"heading.default\">\n\t\t\t\t<div class=\"elementor-widget-container\">\n\t\t\t\t\t<h1 class=\"elementor-heading-title elementor-size-default\">MUUD TEENUSED<\/h1>\t\t\t\t<\/div>\n\t\t\t\t<\/div>\n\t\t\t\t\t<\/div>\n\t\t<\/div>\n\t\t\t\t\t<\/div>\n\t\t<\/section>\n\t\t<div class=\"elementor-element elementor-element-fa10832 e-flex e-con-boxed e-con e-parent\" data-id=\"fa10832\" data-element_type=\"container\">\n\t\t\t\t\t<div class=\"e-con-inner\">\n\t\t\t\t<div class=\"elementor-element elementor-element-922e8bf elementor-widget-divider--view-line elementor-widget elementor-widget-divider\" data-id=\"922e8bf\" data-element_type=\"widget\" data-widget_type=\"divider.default\">\n\t\t\t\t<div class=\"elementor-widget-container\">\n\t\t\t\t\t\t\t<div class=\"elementor-divider\">\n\t\t\t<span class=\"elementor-divider-separator\">\n\t\t\t\t\t\t<\/span>\n\t\t<\/div>\n\t\t\t\t\t\t<\/div>\n\t\t\t\t<\/div>\n\t\t\t\t\t<\/div>\n\t\t\t\t<\/div>\n\t\t<div class=\"elementor-element elementor-element-4cab767 e-flex e-con-boxed e-con e-parent\" data-id=\"4cab767\" data-element_type=\"container\">\n\t\t\t\t\t<div class=\"e-con-inner\">\n\t\t\t\t<div class=\"elementor-element elementor-element-a3e29e3 elementor-widget elementor-widget-html\" data-id=\"a3e29e3\" data-element_type=\"widget\" data-widget_type=\"html.default\">\n\t\t\t\t<div class=\"elementor-widget-container\">\n\t\t\t\t\t<style>\n  .rt-services {\n    --rt-bg: #ffffff;\n    --rt-text: #1a1a1a;\n    --rt-gray: rgba(26,26,26,.55);\n    --rt-dim: rgba(26,26,26,.25);\n    --rt-line: rgba(26,26,26,.08);\n    background: var(--rt-bg);\n    color: var(--rt-text);\n    text-transform: uppercase;\n  }\n\n  .rt-block {\n    display: grid;\n    grid-template-columns: 1fr 1fr;\n    align-items: center;\n    max-width: 1140px;\n    margin: 0 auto;\n    padding: 4rem 2rem;\n    gap: 3rem;\n    position: relative;\n  }\n  .rt-block::after {\n    content: '';\n    position: absolute;\n    bottom: 0; left: 2rem; right: 2rem;\n    height: 2px;\n    background: var(--rt-line);\n  }\n  .rt-block:last-child::after { display: none; }\n  .rt-block:nth-child(even) .rt-block-visual { order: -1; }\n\n  .rt-block-text { padding: 1.5rem 0; }\n\n  .rt-block-num {\n    font-size: .65rem;\n    font-weight: 00;\n    letter-spacing: em;\n    color: var(--rt-dim);\n    margin-bottom: 1.5rem;\n    display: flex;\n    align-items: center;\n    gap: .8rem;\n  }\n  .rt-block-num::after {\n    content: '';\n    flex: 1;\n    max-width: 50px;\n    height: 1px;\n    background: rgba(26,26,26,.15);\n  }\n\n  .rt-block-text h2 {\n    font-size: 1.4rem;\n    font-weight: 600;\n    letter-spacing: .09em;\n    line-height: 1.1;\n    margin-bottom: 1.2rem;\n    color: var(--rt-text);\n    white-space: nowrap;\n  }\n\n  .rt-block-text p {\n    font-size: .85rem;\n    line-height: 2;\n    color: var(--rt-gray);\n    font-weight: 400;\n  }\n\n  .rt-block-tag {\n    display: inline-block;\n    margin-top: 1.5rem;\n    font-size: .6rem;\n    font-weight: 500;\n    letter-spacing: .4em;\n    color: var(--rt-text);\n    padding: .5rem 1.2rem;\n    border: 1px solid rgba(26,26,26,.18);\n    transition: border-color .4s, background .4s;\n  }\n  .rt-block-tag:hover {\n    border-color: rgba(26,26,26,.45);\n    background: rgba(26,26,26,.03);\n  }\n\n  .rt-block-visual {\n    width: 100%;\n    aspect-ratio: 4\/2;\n    overflow: hidden;\n  }\n  .rt-block-visual img {\n    width: 100%;\n    height: 100%;\n    object-fit: cover;\n    display: block;\n    transition: transform .6s ease;\n  }\n  .rt-block:hover .rt-block-visual img {\n    transform: scale(1.03);\n  }\n\n  .rt-visual-fallback {\n    width: 100%; height: 100%;\n    background: #f5f5f5;\n    display: flex; align-items: center; justify-content: center;\n    font-size: .65rem; letter-spacing: .15em;\n    color: var(--rt-dim);\n  }\n\n  .rt-reveal {\n    opacity: 0;\n    transform: translateY(30px);\n    transition: opacity .7s cubic-bezier(.25,.46,.45,.94),\n                transform .7s cubic-bezier(.25,.46,.45,.94);\n  }\n  .rt-reveal.rt-visible {\n    opacity: 1;\n    transform: translateY(0);\n  }\n\n  @media (max-width: 900px) {\n    .rt-block {\n      grid-template-columns: 1fr;\n      padding: 3rem 1.5rem;\n      gap: 2rem;\n    }\n    .rt-block:nth-child(even) .rt-block-visual { order: 0; }\n    .rt-block-visual { aspect-ratio: 16\/10; }\n    .rt-block-text h2 { white-space: normal; font-size: 1.2rem; }\n  }\n<\/style>\n\n<div class=\"rt-services\">\n\n  <!-- 01 \u2014 KONSTRUKTIIVNE PROJEKTEERIMINE -->\n  <div class=\"rt-block rt-reveal\">\n    <div class=\"rt-block-text\">\n     \n      <h2>KONSTRUKTIIVNE PROJEKTEERIMINE<\/h2>\n      <p>KOOST\u00d6\u00d6S USALDUSV\u00c4\u00c4RSETE PARTNERITEGA VIIME ARHITEKTUURSED IDEED T\u00c4PSETEKS JA TEOSTATAVATEKS KONSTRUKTIIVSETEKS LAHENDUSTEKS.\nMEIE L\u00c4HENEMINE ON RATSIONAALNE NING TULEMUS VASTUPIDAV JA EHITUSLIKULT LOOGILINE.<\/p>\n  \n    <\/div>\n    <div class=\"rt-block-visual\">\n      <img decoding=\"async\" src=\"https:\/\/www.raadius.ee\/wp-content\/uploads\/2026\/01\/ChatGPT-Image-Jan-27-2026-11_19_09-AM-e1769505604479.png\" alt=\"Konstruktiivne projekteerimine\"\n        onerror=\"this.outerHTML='<div class=rt-visual-fallback>Konstruktiivne projekteerimine<\/div>'\">\n    <\/div>\n  <\/div>\n\n  <!-- 02 \u2014 ERIOSAD -->\n  <div class=\"rt-block rt-reveal\">\n    <div class=\"rt-block-text\">\n     \n      <h2>ERIOSADE PROJEKTEERIMINE<\/h2>\n      <p>LAHENDAME KEERUKAD TEHNILISED S\u00d5LMED JA ERIOSAD KOOST\u00d6\u00d6S OMA MEESKONNA JA VALDKONNA TIPPSPETSIALISTIDEGA.\nIGA DETAIL ON L\u00c4BI M\u00d5ELDUD, IGA LAHENDUS ON T\u00c4PNE JA TERVIKUGA SIDUS.<\/p>\n   \n    <\/div>\n    <div class=\"rt-block-visual\">\n      <img decoding=\"async\" src=\"https:\/\/www.raadius.ee\/wp-content\/uploads\/2026\/01\/OIGE-e1772612194190.png\" alt=\"Eriosad\"\n        onerror=\"this.outerHTML='<div class=rt-visual-fallback>Eriosad<\/div>'\">\n    <\/div>\n  <\/div>\n\n  <!-- 03 \u2014 DETAILPLANEERINGUD -->\n  <div class=\"rt-block rt-reveal\">\n    <div class=\"rt-block-text\">\n    \n      <h2>DETAILPLANEERINGUD<\/h2>\n      <p>MEIE MEESKONNAS ON KOGENUD DETAILPLANEERINGUTE TEGIJAD, KES  KOOSTAVAD PLANEERINGUID, MIS ON SELGED, TASAKAALUS JA TOIMIVAD.\nKOGEMUS TAGAB SUJUVA PROTSESSI NING KVALITEETSE TULEMUSE ALGFAASIST KINNITAMISENI.<\/p>\n  \n    <\/div>\n    <div class=\"rt-block-visual\">\n      <img decoding=\"async\" src=\"https:\/\/www.raadius.ee\/wp-content\/uploads\/2026\/01\/ChatGPT-Image-Jan-27-2026-12_53_47-PM-e1772613478693.png\" alt=\"Detailplaneeringud\"\n        onerror=\"this.outerHTML='<div class=rt-visual-fallback>Detailplaneeringud<\/div>'\">\n    <\/div>\n  <\/div>\n\n  <!-- 04 \u2014 PROJEKTIJUHTIMINE -->\n  <div class=\"rt-block rt-reveal\">\n    <div class=\"rt-block-text\">\n    \n      <h2>PROJEKTIJUHTIMINE<\/h2>\n      <p>JUHIME PROJEKTE TERVIKUNA \u2014 STRUKTUREERITULT, T\u00d5HUSALT JA VASTUTUSTUNDLIKULT.\nKOGEMUS NII PEA- KUI ALLT\u00d6\u00d6V\u00d5TU TASANDIL TAGAB SUJUVA KOOST\u00d6\u00d6 JA KONTROLLITUD TULEMUSE.<\/p>\n     \n    <\/div>\n    <div class=\"rt-block-visual\">\n      <img decoding=\"async\" src=\"https:\/\/www.raadius.ee\/wp-content\/uploads\/2026\/01\/ChatGPT-Image-Jan-27-2026-12_53_38-PM-e1775589897603.png\" alt=\"Projektijuhtimine\"\n        onerror=\"this.outerHTML='<div class=rt-visual-fallback>Projektijuhtimine<\/div>'\">\n    <\/div>\n  <\/div>\n\n<\/div>\n\n<script>\n(function(){\n  const obs = new IntersectionObserver(entries => {\n    entries.forEach(e => {\n      if(e.isIntersecting){ e.target.classList.add('rt-visible'); obs.unobserve(e.target); }\n    });\n  }, { threshold: .1 });\n  document.querySelectorAll('.rt-reveal').forEach(el => obs.observe(el));\n})();\n<\/script>\t\t\t\t<\/div>\n\t\t\t\t<\/div>\n\t\t\t\t\t<\/div>\n\t\t\t\t<\/div>\n\t\t\t\t<\/div>","protected":false},"excerpt":{"rendered":"<p>OTHER SERVICES STRUCTURAL DESIGN IN COOPERATION WITH RELIABLE PARTNERS, WE OFFER STRUCTURAL DESIGN THAT TURNS ARCHITECTURAL IDEAS INTO TECHNICALLY FEASIBLE SOLUTIONS. OUR DESIGNS ARE FUNCTIONAL, DURABLE, AND REALISTICALLY IMPLEMENTABLE MEP DESIGN WE OFFER EXTENSIVE DESIGN SERVICES FOR SPECIAL PARTS USING BOTH OUR IN-HOUSE TEAM AND THE BEST EXPERTS IN THE FIELD. WE FIND A SOLUTION&#8230;<\/p>","protected":false},"author":1,"featured_media":0,"parent":0,"menu_order":0,"comment_status":"closed","ping_status":"closed","template":"","meta":{"inline_featured_image":false,"_kad_post_transparent":"","_kad_post_title":"","_kad_post_layout":"","_kad_post_sidebar_id":"","_kad_post_content_style":"","_kad_post_vertical_padding":"","_kad_post_feature":"","_kad_post_feature_position":"","_kad_post_header":false,"_kad_post_footer":false,"footnotes":""},"class_list":["post-104","page","type-page","status-publish","hentry"],"yoast_head":"<!-- This site is optimized with the Yoast SEO plugin v26.5 - https:\/\/yoast.com\/wordpress\/plugins\/seo\/ -->\n<title>OTHER SERVICES - RAADIUS ARHITEKTID<\/title>\n<meta name=\"robots\" content=\"index, follow, max-snippet:-1, max-image-preview:large, max-video-preview:-1\" \/>\n<link rel=\"canonical\" href=\"https:\/\/www.raadius.ee\/et\/other-services\/\" \/>\n<meta property=\"og:locale\" content=\"et_EE\" \/>\n<meta property=\"og:type\" content=\"article\" \/>\n<meta property=\"og:title\" content=\"OTHER SERVICES - RAADIUS ARHITEKTID\" \/>\n<meta property=\"og:description\" content=\"OTHER SERVICES STRUCTURAL DESIGN IN COOPERATION WITH RELIABLE PARTNERS, WE OFFER STRUCTURAL DESIGN THAT TURNS ARCHITECTURAL IDEAS INTO TECHNICALLY FEASIBLE SOLUTIONS. OUR DESIGNS ARE FUNCTIONAL, DURABLE, AND REALISTICALLY IMPLEMENTABLE MEP DESIGN WE OFFER EXTENSIVE DESIGN SERVICES FOR SPECIAL PARTS USING BOTH OUR IN-HOUSE TEAM AND THE BEST EXPERTS IN THE FIELD. WE FIND A SOLUTION...\" \/>\n<meta property=\"og:url\" content=\"https:\/\/www.raadius.ee\/et\/other-services\/\" \/>\n<meta property=\"og:site_name\" content=\"RAADIUS ARHITEKTID\" \/>\n<meta property=\"article:publisher\" content=\"https:\/\/www.facebook.com\/raadius\" \/>\n<meta property=\"article:modified_time\" content=\"2026-04-15T06:56:50+00:00\" \/>\n<meta property=\"og:image\" content=\"https:\/\/www.raadius.ee\/wp-content\/uploads\/2026\/01\/ChatGPT-Image-Jan-27-2026-11_19_09-AM-e1769505604479.png\" \/>\n<meta name=\"twitter:card\" content=\"summary_large_image\" \/>\n<meta name=\"twitter:label1\" content=\"Est. reading time\" \/>\n\t<meta name=\"twitter:data1\" content=\"2 minutit\" \/>\n<script type=\"application\/ld+json\" class=\"yoast-schema-graph\">{\"@context\":\"https:\/\/schema.org\",\"@graph\":[{\"@type\":\"WebPage\",\"@id\":\"https:\/\/www.raadius.ee\/other-services\/\",\"url\":\"https:\/\/www.raadius.ee\/other-services\/\",\"name\":\"OTHER SERVICES - RAADIUS ARHITEKTID\",\"isPartOf\":{\"@id\":\"https:\/\/www.raadius.ee\/et\/#website\"},\"primaryImageOfPage\":{\"@id\":\"https:\/\/www.raadius.ee\/other-services\/#primaryimage\"},\"image\":{\"@id\":\"https:\/\/www.raadius.ee\/other-services\/#primaryimage\"},\"thumbnailUrl\":\"https:\/\/www.raadius.ee\/wp-content\/uploads\/2026\/01\/ChatGPT-Image-Jan-27-2026-11_19_09-AM-e1769505604479.png\",\"datePublished\":\"2021-02-19T09:21:49+00:00\",\"dateModified\":\"2026-04-15T06:56:50+00:00\",\"breadcrumb\":{\"@id\":\"https:\/\/www.raadius.ee\/other-services\/#breadcrumb\"},\"inLanguage\":\"et\",\"potentialAction\":[{\"@type\":\"ReadAction\",\"target\":[\"https:\/\/www.raadius.ee\/other-services\/\"]}]},{\"@type\":\"ImageObject\",\"inLanguage\":\"et\",\"@id\":\"https:\/\/www.raadius.ee\/other-services\/#primaryimage\",\"url\":\"https:\/\/www.raadius.ee\/wp-content\/uploads\/2026\/01\/ChatGPT-Image-Jan-27-2026-11_19_09-AM-e1769505604479.png\",\"contentUrl\":\"https:\/\/www.raadius.ee\/wp-content\/uploads\/2026\/01\/ChatGPT-Image-Jan-27-2026-11_19_09-AM-e1769505604479.png\"},{\"@type\":\"BreadcrumbList\",\"@id\":\"https:\/\/www.raadius.ee\/other-services\/#breadcrumb\",\"itemListElement\":[{\"@type\":\"ListItem\",\"position\":1,\"name\":\"Home\",\"item\":\"https:\/\/www.raadius.ee\/et\/\"},{\"@type\":\"ListItem\",\"position\":2,\"name\":\"OTHER SERVICES\"}]},{\"@type\":\"WebSite\",\"@id\":\"https:\/\/www.raadius.ee\/et\/#website\",\"url\":\"https:\/\/www.raadius.ee\/et\/\",\"name\":\"RAADIUS ARHITEKTID\",\"description\":\"Arhitektuur I Sisearhitektuur I Eriosad\",\"publisher\":{\"@id\":\"https:\/\/www.raadius.ee\/et\/#organization\"},\"potentialAction\":[{\"@type\":\"SearchAction\",\"target\":{\"@type\":\"EntryPoint\",\"urlTemplate\":\"https:\/\/www.raadius.ee\/et\/?s={search_term_string}\"},\"query-input\":{\"@type\":\"PropertyValueSpecification\",\"valueRequired\":true,\"valueName\":\"search_term_string\"}}],\"inLanguage\":\"et\"},{\"@type\":\"Organization\",\"@id\":\"https:\/\/www.raadius.ee\/et\/#organization\",\"name\":\"Raadius Arhitektid\",\"url\":\"https:\/\/www.raadius.ee\/et\/\",\"logo\":{\"@type\":\"ImageObject\",\"inLanguage\":\"et\",\"@id\":\"https:\/\/www.raadius.ee\/et\/#\/schema\/logo\/image\/\",\"url\":\"https:\/\/raadius.ee\/wp-content\/uploads\/2021\/04\/Raadius-Arhitektid.png\",\"contentUrl\":\"https:\/\/raadius.ee\/wp-content\/uploads\/2021\/04\/Raadius-Arhitektid.png\",\"width\":2265,\"height\":1307,\"caption\":\"Raadius Arhitektid\"},\"image\":{\"@id\":\"https:\/\/www.raadius.ee\/et\/#\/schema\/logo\/image\/\"},\"sameAs\":[\"https:\/\/www.facebook.com\/raadius\"]}]}<\/script>\n<!-- \/ Yoast SEO plugin. -->","yoast_head_json":{"title":"OTHER SERVICES - RAADIUS ARHITEKTID","robots":{"index":"index","follow":"follow","max-snippet":"max-snippet:-1","max-image-preview":"max-image-preview:large","max-video-preview":"max-video-preview:-1"},"canonical":"https:\/\/www.raadius.ee\/et\/other-services\/","og_locale":"et_EE","og_type":"article","og_title":"OTHER SERVICES - RAADIUS ARHITEKTID","og_description":"OTHER SERVICES STRUCTURAL DESIGN IN COOPERATION WITH RELIABLE PARTNERS, WE OFFER STRUCTURAL DESIGN THAT TURNS ARCHITECTURAL IDEAS INTO TECHNICALLY FEASIBLE SOLUTIONS. OUR DESIGNS ARE FUNCTIONAL, DURABLE, AND REALISTICALLY IMPLEMENTABLE MEP DESIGN WE OFFER EXTENSIVE DESIGN SERVICES FOR SPECIAL PARTS USING BOTH OUR IN-HOUSE TEAM AND THE BEST EXPERTS IN THE FIELD. WE FIND A SOLUTION...","og_url":"https:\/\/www.raadius.ee\/et\/other-services\/","og_site_name":"RAADIUS ARHITEKTID","article_publisher":"https:\/\/www.facebook.com\/raadius","article_modified_time":"2026-04-15T06:56:50+00:00","og_image":[{"url":"https:\/\/www.raadius.ee\/wp-content\/uploads\/2026\/01\/ChatGPT-Image-Jan-27-2026-11_19_09-AM-e1769505604479.png","type":"","width":"","height":""}],"twitter_card":"summary_large_image","twitter_misc":{"Est. reading time":"2 minutit"},"schema":{"@context":"https:\/\/schema.org","@graph":[{"@type":"WebPage","@id":"https:\/\/www.raadius.ee\/other-services\/","url":"https:\/\/www.raadius.ee\/other-services\/","name":"OTHER SERVICES - RAADIUS ARHITEKTID","isPartOf":{"@id":"https:\/\/www.raadius.ee\/et\/#website"},"primaryImageOfPage":{"@id":"https:\/\/www.raadius.ee\/other-services\/#primaryimage"},"image":{"@id":"https:\/\/www.raadius.ee\/other-services\/#primaryimage"},"thumbnailUrl":"https:\/\/www.raadius.ee\/wp-content\/uploads\/2026\/01\/ChatGPT-Image-Jan-27-2026-11_19_09-AM-e1769505604479.png","datePublished":"2021-02-19T09:21:49+00:00","dateModified":"2026-04-15T06:56:50+00:00","breadcrumb":{"@id":"https:\/\/www.raadius.ee\/other-services\/#breadcrumb"},"inLanguage":"et","potentialAction":[{"@type":"ReadAction","target":["https:\/\/www.raadius.ee\/other-services\/"]}]},{"@type":"ImageObject","inLanguage":"et","@id":"https:\/\/www.raadius.ee\/other-services\/#primaryimage","url":"https:\/\/www.raadius.ee\/wp-content\/uploads\/2026\/01\/ChatGPT-Image-Jan-27-2026-11_19_09-AM-e1769505604479.png","contentUrl":"https:\/\/www.raadius.ee\/wp-content\/uploads\/2026\/01\/ChatGPT-Image-Jan-27-2026-11_19_09-AM-e1769505604479.png"},{"@type":"BreadcrumbList","@id":"https:\/\/www.raadius.ee\/other-services\/#breadcrumb","itemListElement":[{"@type":"ListItem","position":1,"name":"Home","item":"https:\/\/www.raadius.ee\/et\/"},{"@type":"ListItem","position":2,"name":"OTHER SERVICES"}]},{"@type":"WebSite","@id":"https:\/\/www.raadius.ee\/et\/#website","url":"https:\/\/www.raadius.ee\/et\/","name":"RAADIUS ARHITEKTID","description":"Arhitektuur I Sisearhitektuur I Eriosad","publisher":{"@id":"https:\/\/www.raadius.ee\/et\/#organization"},"potentialAction":[{"@type":"SearchAction","target":{"@type":"EntryPoint","urlTemplate":"https:\/\/www.raadius.ee\/et\/?s={search_term_string}"},"query-input":{"@type":"PropertyValueSpecification","valueRequired":true,"valueName":"search_term_string"}}],"inLanguage":"et"},{"@type":"Organization","@id":"https:\/\/www.raadius.ee\/et\/#organization","name":"Raadius Arhitektid","url":"https:\/\/www.raadius.ee\/et\/","logo":{"@type":"ImageObject","inLanguage":"et","@id":"https:\/\/www.raadius.ee\/et\/#\/schema\/logo\/image\/","url":"https:\/\/raadius.ee\/wp-content\/uploads\/2021\/04\/Raadius-Arhitektid.png","contentUrl":"https:\/\/raadius.ee\/wp-content\/uploads\/2021\/04\/Raadius-Arhitektid.png","width":2265,"height":1307,"caption":"Raadius Arhitektid"},"image":{"@id":"https:\/\/www.raadius.ee\/et\/#\/schema\/logo\/image\/"},"sameAs":["https:\/\/www.facebook.com\/raadius"]}]}},"_links":{"self":[{"href":"https:\/\/www.raadius.ee\/et\/wp-json\/wp\/v2\/pages\/104","targetHints":{"allow":["GET"]}}],"collection":[{"href":"https:\/\/www.raadius.ee\/et\/wp-json\/wp\/v2\/pages"}],"about":[{"href":"https:\/\/www.raadius.ee\/et\/wp-json\/wp\/v2\/types\/page"}],"author":[{"embeddable":true,"href":"https:\/\/www.raadius.ee\/et\/wp-json\/wp\/v2\/users\/1"}],"replies":[{"embeddable":true,"href":"https:\/\/www.raadius.ee\/et\/wp-json\/wp\/v2\/comments?post=104"}],"version-history":[{"count":303,"href":"https:\/\/www.raadius.ee\/et\/wp-json\/wp\/v2\/pages\/104\/revisions"}],"predecessor-version":[{"id":4024,"href":"https:\/\/www.raadius.ee\/et\/wp-json\/wp\/v2\/pages\/104\/revisions\/4024"}],"wp:attachment":[{"href":"https:\/\/www.raadius.ee\/et\/wp-json\/wp\/v2\/media?parent=104"}],"curies":[{"name":"wp","href":"https:\/\/api.w.org\/{rel}","templated":true}]}}